{"id":18,"date":"2013-10-19T22:27:08","date_gmt":"2013-10-19T22:27:08","guid":{"rendered":"http:\/\/vertienteglobal.com\/?page_id=18"},"modified":"2022-05-28T20:14:36","modified_gmt":"2022-05-29T01:14:36","slug":"nosotros","status":"publish","type":"page","link":"http:\/\/vertienteglobal.com\/?page_id=18","title":{"rendered":"Nosotros"},"content":{"rendered":"\n<div class=\"twitterbutton\" style=\"float: right; padding-left: 5px;\"><a href=\"http:\/\/twitter.com\/share\" class=\"twitter-share-button\" data-count=\"horizontal\" data-text=\"Nosotros\" data-via=\"https:\/\/twitter.com\/VertienteGloba1\" data-url=\"http:\/\/vertienteglobal.com\/?page_id=18\" data-lang=\"es\" data-related=\"Informaci\u00f3n general:S\u00edguenos para que est\u00e9ss informado\"><\/a><\/div><h1><strong>Qu\u00e9 es Vertiente Global<\/strong><\/h1>\n<p>Es un portal de noticias globales, donde un grupo de reporteros hacemos periodismo y mantenemos informada a la sociedad en general, basado en la verdad y en la buena fe, respetando siempre la vida privada.<\/p>\n<p>Por ello, en este portal, Eres lo que lees, buscando llegar a todo el mundo digital, considerando de igual manera las noticias m\u00e1s importantes del pa\u00eds y del planeta tierra.<\/p>\n<p>De esta manera, quienes integramos este equipo de reporteros todos los d\u00edas buscan las noticias, por ello el Internet ofrece la posibilidad de que podamos dirigir un portal, que se una al ciberespacio, donde ya existen miles de medios electr\u00f3nicos.<\/p>\n<p>Pero tenemos fe y esperanza de que la vida sea m\u00e1s justa, m\u00e1s igualitaria y m\u00e1s humana, confiamos en que cada ser humano realizar\u00e1 su mejor esfuerzo para construir una sociedad m\u00e1s democr\u00e1tica, en la que el periodismo desempe\u00f1a un papel fundamental.<\/p>\n<p>Estas ser\u00e1n las noticias que har\u00e1n historia y que permitir\u00e1n mantenerlos informado sobre la realidad social, por ello damos la bienvenida a nuestros ciberlectores.<\/p>\n<h3><strong>Qui\u00e9nes Somos <\/strong><\/h3>\n<p>Una organizaci\u00f3n noticiosa www.vertienteglobal.com basada en el alto impacto de las nuevas tecnolog\u00edas, el rendimiento y alcance competitivo de estas.<\/p>\n<p>Por ello, a trav\u00e9s de la Web, estamos comprometidos con un cambio en el ejercicio period\u00edstico en l\u00ednea, nuestro portal en Internet ofrece a nuestros usuarios el valor efectivo de la comunicaci\u00f3n multimedia: En la principal van los Estados del Sureste, Veracruz, Tabasco, Chiapas, Campeche, Yucat\u00e1n y Quintana Roo, adem\u00e1s la Opini\u00f3n de destacados columnistas, Deportes, Educaci\u00f3n y Cultura, Espect\u00e1culos, Pa\u00eds, www.vertienteglobal.com surge en febrero de 2011 y a cinco a\u00f1os de servicio, establecemos un compromiso de expansi\u00f3n y crecimiento a nuestros clientes durante 2016.<\/p>\n<h3><strong>Personal y Colaboradores<\/strong><\/h3>\n<p>Ofrecer a nuestra comunidad; ciberlectores y usuarios, un cambio en servicios informativos en l\u00ednea; con la calidad, profesionalismo y confiabilidad de un portal de noticias llevado a cabo por profesionales nuestro progreso period\u00edstico-empresarial.<\/p>\n<h3><strong>Visi\u00f3n<\/strong><\/h3>\n<p>Ser la empresa informativa l\u00edder; con una oferta period\u00edstica, Eres lo que Lees, utilizando las nuevas tecnolog\u00edas con creatividad y eficacia, siendo redituables a nuestros clientes y visitantes, logrando la confianza de la comunidad online.<\/p>\n<h3><strong>Productos y Servicios<\/strong><\/h3>\n<p>Para nuestros ciberlectores y usuarios, brindamos un servicio informativo en l\u00ednea; con la calidad, profesionalismo y confiabilidad de un portal de noticias a cargo de profesionales. Fortaleciendo el desarrollo regional, la proyecci\u00f3n nacional e internacional.<\/p>\n<p>Somos una empresa informativa l\u00edder; con una oferta period\u00edstica, utilizando las nuevas tecnolog\u00edas con creatividad y eficacia, siendo redituables a nuestros clientes y visitantes, logrando la confianza de la comunidad online. El objetivo principal del portal www.vertienteglobal.com es difundir noticias a trav\u00e9s de Internet.<\/p>\n<p>Tambi\u00e9n la prestaci\u00f3n de servicios como creaci\u00f3n art\u00edstica de logotipos, dise\u00f1o gr\u00e1fico y de web, campa\u00f1as pol\u00edticas, comerciales, culturales, religiosas, tur\u00edsticas y sociales.<\/p>\n<p>La creaci\u00f3n, administraci\u00f3n y actualizaci\u00f3n de sistemas de inform\u00e1tica, elaboraci\u00f3n de encuestas, sondeo de mercado, agencia informativa de noticia, servicios period\u00edsticos, tur\u00edsticos, educativos, adem\u00e1s de impresiones, distribuci\u00f3n y comercializaci\u00f3n de materiales gr\u00e1ficos y multimedia.<\/p>\n<p>Producci\u00f3n de programas de noticias y entretenimiento en general de formatos de video\/ TV, cine, radio, internet y multimedia en general. Spots y menciones por Internet en las redes sociales de Twitter y Facebook. Estamos a sus \u00f3rdenes en: <a href=\"http:\/\/www.vertienteglobal.com\">www.vertienteglobal.com<\/a><\/p>\n","protected":false},"excerpt":{"rendered":"<p>Qu\u00e9 es Vertiente Global Es un portal de noticias globales, donde un grupo de reporteros hacemos periodismo y mantenemos informada a la sociedad en general, basado en la verdad y en la buena fe, respetando siempre la vida privada. Por ello, en este portal, Eres lo que lees, buscando llegar a todo el mundo digital, [&hellip;]<\/p>\n","protected":false},"author":1,"featured_media":0,"parent":0,"menu_order":0,"comment_status":"open","ping_status":"open","template":"","meta":{"footnotes":""},"class_list":["post-18","page","type-page","status-publish","hentry","entry"],"_links":{"self":[{"href":"http:\/\/vertienteglobal.com\/index.php?rest_route=\/wp\/v2\/pages\/18","targetHints":{"allow":["GET"]}}],"collection":[{"href":"http:\/\/vertienteglobal.com\/index.php?rest_route=\/wp\/v2\/pages"}],"about":[{"href":"http:\/\/vertienteglobal.com\/index.php?rest_route=\/wp\/v2\/types\/page"}],"author":[{"embeddable":true,"href":"http:\/\/vertienteglobal.com\/index.php?rest_route=\/wp\/v2\/users\/1"}],"replies":[{"embeddable":true,"href":"http:\/\/vertienteglobal.com\/index.php?rest_route=%2Fwp%2Fv2%2Fcomments&post=18"}],"version-history":[{"count":0,"href":"http:\/\/vertienteglobal.com\/index.php?rest_route=\/wp\/v2\/pages\/18\/revisions"}],"wp:attachment":[{"href":"http:\/\/vertienteglobal.com\/index.php?rest_route=%2Fwp%2Fv2%2Fmedia&parent=18"}],"curies":[{"name":"wp","href":"https:\/\/api.w.org\/{rel}","templated":true}]}}